{"id":1189,"date":"2020-05-29T09:15:25","date_gmt":"2020-05-29T09:15:25","guid":{"rendered":"https:\/\/nangina-test.klabusnik.de\/?page_id=1189"},"modified":"2020-06-25T10:39:30","modified_gmt":"2020-06-25T10:39:30","slug":"schulgebuehren-fuer-die-berufsausbildung-rehabilitierter-strassenkinder-in-nairobi-kenia","status":"publish","type":"page","link":"https:\/\/nangina-test.klabusnik.de\/index.php\/schulgebuehren-fuer-die-berufsausbildung-rehabilitierter-strassenkinder-in-nairobi-kenia\/","title":{"rendered":"Schulgeb\u00fchren f\u00fcr die Berufsausbildung rehabilitierter Stra\u00dfenkinder in Nairobi, Kenia"},"content":{"rendered":"\n<p>Die Schulgeb\u00fchren sind f\u00fcr Sch\u00fcler der St. Daniel Comboni Polytechnic School in Ngong, Nairobi. Diese ist eine Berufsschule, in der junge M\u00e4nner im Rahmen eines Internataufenthaltes verschiedene Ausbildungen absolvieren k\u00f6nnen. Sie k\u00f6nnen einen kombinierten Abschluss als Maurer und Klempner erwerben, Elektriker oder Schreiner werden. Die Schule wurde im Jahr 2018 er\u00f6ffnet. Derzeit werden 23 Sch\u00fcler dort beschult.<\/p>\n\n\n\n<figure class=\"wp-block-image\"><img loading=\"lazy\" decoding=\"async\" width=\"769\" height=\"1024\" src=\"https:\/\/nangina.de\/wp-content\/uploads\/2019\/07\/P1370261-e1563300497670-769x1024.jpg\" alt=\"\" class=\"wp-image-1016\" srcset=\"https:\/\/nangina-test.klabusnik.de\/wp-content\/uploads\/2019\/07\/P1370261-e1563300497670-769x1024.jpg 769w, https:\/\/nangina-test.klabusnik.de\/wp-content\/uploads\/2019\/07\/P1370261-e1563300497670-225x300.jpg 225w, https:\/\/nangina-test.klabusnik.de\/wp-content\/uploads\/2019\/07\/P1370261-e1563300497670-768x1023.jpg 768w\" sizes=\"auto, (max-width: 769px) 100vw, 769px\" \/><figcaption>Praktische Ausbildung f\u00fcr Elektriker.<\/figcaption><\/figure>\n\n\n\n<p>Die Schule hat ihren Ursprung in dem Stra\u00dfenkinderprojekt Napenda Kuishi. Inmitten des Slums Korogocho umfasst dieses Projekt ein Rehabilitationszentrum f\u00fcr Kinder, die oft in Drogenabh\u00e4ngigkeit und Kriminalit\u00e4t geraten sind. Auf der gro\u00dfen M\u00fcllhalde suchen sie nach brauchbaren Materialien, mit denen sie das N\u00f6tigste zum \u00dcberleben finanzieren k\u00f6nnen. Alle diese Stra\u00dfenkinder haben Gewalt erfahren und wurden oft auch sexuell missbraucht. Viele finden in dem ambulanten Angebot in der N\u00e4he ihres Zuhauses die Hilfe, die sie ben\u00f6tigen.<\/p>\n\n\n\n<figure class=\"wp-block-image\"><img loading=\"lazy\" decoding=\"async\" width=\"769\" height=\"1024\" src=\"https:\/\/nangina.de\/wp-content\/uploads\/2019\/07\/P1370274-e1563350648723-769x1024.jpg\" alt=\"\" class=\"wp-image-1023\" srcset=\"https:\/\/nangina-test.klabusnik.de\/wp-content\/uploads\/2019\/07\/P1370274-e1563350648723-769x1024.jpg 769w, https:\/\/nangina-test.klabusnik.de\/wp-content\/uploads\/2019\/07\/P1370274-e1563350648723-225x300.jpg 225w, https:\/\/nangina-test.klabusnik.de\/wp-content\/uploads\/2019\/07\/P1370274-e1563350648723-768x1023.jpg 768w\" sizes=\"auto, (max-width: 769px) 100vw, 769px\" \/><figcaption>Ehemalige Stra\u00dfenkinder f\u00fchren eine Akrobatikshow auf.<\/figcaption><\/figure>\n\n\n\n<p>Jugendliche mit besonders schwierigen Lebenssituationen bekommen die M\u00f6glichkeit, f\u00fcr ein Jahr station\u00e4r in einem Rehabilitationszentrum in Kibiko etwas au\u00dferhalb von Nairobi zu leben. Kibiko liegt in der N\u00e4he von Ngong, einem reichen Viertel Nairobis und rundherum ist es gr\u00fcn. Die Jugendlichen bleiben die ersten vier Monate ausschlie\u00dflich auf dem Gel\u00e4nde, damit sie nicht getrieben von der Sucht in alte Muster verfallen. Sie werden psychotherapeutisch begleitet, erhalten Sportangebote und arbeiten auf dem Feld sowie in der K\u00fcche. Jugendliche, die die Kapazit\u00e4t haben, noch einen Schulabschluss zu absolvieren, k\u00f6nnen auch Unterricht erhalten. Alle Aktivit\u00e4ten haben das Ziel, das Selbstwertgef\u00fchl der Jungen zu st\u00e4rken und ihnen St\u00fcck f\u00fcr St\u00fcck zu erm\u00f6glichen, dass sie wieder lernen, Vertrauen in sich selbst und ihre Mitmenschen aufzubauen. Die Therapie findet in enger Zusammenarbeit mit den Familien statt, da h\u00e4ufig die h\u00e4uslichen Probleme wie Gewalt, Missbrauch oder extreme Vernachl\u00e4ssigung die Ursache f\u00fcr das Weglaufen waren. Viele der Jugendlichen haben ihre Eltern verloren und werden von den anderen Verwandten als Belastung angesehen. Eine Vers\u00f6hnungsarbeit ist unumg\u00e4nglich, um eine gelungene R\u00fcckf\u00fchrung in die Familien oder zu Verwandten auf dem Land zu erreichen.<\/p>\n\n\n\n<figure class=\"wp-block-image\"><img loading=\"lazy\" decoding=\"async\" width=\"1024\" height=\"769\" src=\"https:\/\/nangina.de\/wp-content\/uploads\/2019\/07\/P1370252-1024x769.jpg\" alt=\"\" class=\"wp-image-1025\" srcset=\"https:\/\/nangina-test.klabusnik.de\/wp-content\/uploads\/2019\/07\/P1370252-1024x769.jpg 1024w, https:\/\/nangina-test.klabusnik.de\/wp-content\/uploads\/2019\/07\/P1370252-300x225.jpg 300w, https:\/\/nangina-test.klabusnik.de\/wp-content\/uploads\/2019\/07\/P1370252-768x577.jpg 768w\" sizes=\"auto, (max-width: 1024px) 100vw, 1024px\" \/><figcaption>Eine Werkhalle der neu gebauten Berufsschule.<\/figcaption><\/figure>\n\n\n\n<p>Damit die Jugendlichen eine Perspektive haben, sp\u00e4ter ihren Lebensunterhalt eigenst\u00e4ndig bestreiten zu k\u00f6nnen, ben\u00f6tigen sie eine Berufsausbildung. Diese soll die St. Daniel Comboni Berufsschule bieten. Sie liegt direkt neben dem Rehazentrum, so dass die Jungen ihre Zukunftschancen gleichsam vor Augen haben. Auch in dem Berufsschulinternat werden sie eng begleitet und lernen Verantwortung f\u00fcr die Gemeinschaft zu \u00fcbernehmen. Nachbarn sind auf die Schule aufmerksam geworden und bieten ihnen Auftr\u00e4ge an. So k\u00f6nnen die Jungen an realen Beispielen lernen, wie man beispielsweise eine Mauer verputzt.<\/p>\n\n\n\n<p><strong>Ma\u00dfnahmen des Nangina e.V. in den vergangenen Jahren<\/strong><\/p>\n\n\n\n<p>Der Nangina e.V. hat im Jahr 2018 einen Betrag von 10 000 \u20ac f\u00fcr die Schulgeb\u00fchren des ersten Jahrgangs der ehemaligen Stra\u00dfenkinder \u00fcberwiesen.<\/p>\n\n\n\n<p><strong>Besuche von Nanginesen oder Gegenbesuche von Projektpartnern<\/strong><\/p>\n\n\n\n<p>Juli 2019: Erster Besuch von Katharina Stritzke, Vorstandsmitglied des Nangina e.V.<\/p>\n\n\n\n<p><strong>Aktuelle Entwicklungen<\/strong><\/p>\n\n\n\n<p>Die Schule befindet sich noch im Aufbau. Derzeit ist ein Container mit verschiedenen Maschinen und Werkzeugen f\u00fcr die Schreinereiwerkstatt in Nairobi beim Zoll. Mit etwas Gl\u00fcck wird er noch im Juli vom Zoll freigegeben. Mit besseren Maschinen k\u00f6nnen mehr Werkst\u00fccke produziert werden, die zugunsten der Schule verkauft werden.<\/p>\n\n\n\n<p>In Zukunft soll die Schule auch f\u00fcr M\u00e4dchen ge\u00f6ffnet werden, die dann aber nicht im Internatsbereich schlafen, und f\u00fcr weitere interessierte Sch\u00fcler, die die Schulgeb\u00fchren aufbringen k\u00f6nnen. So kann die Schule mehr und mehr auf eigenen Beinen stehen.<\/p>\n\n\n\n<p><\/p>\n\n\n\n<p>Unsere Beitr\u00e4ge f\u00fcr dieses Projekt:<\/p>\n\n\n<ul class=\"wp-block-latest-posts__list wp-block-latest-posts\"><\/ul>","protected":false},"excerpt":{"rendered":"<p>Die Schulgeb\u00fchren sind f\u00fcr Sch\u00fcler der St. Daniel Comboni Polytechnic School in Ngong, Nairobi. Diese ist eine Berufsschule, in der junge M\u00e4nner im Rahmen eines Internataufenthaltes verschiedene Ausbildungen absolvieren k\u00f6nnen. &#8230;<\/p>\n","protected":false},"author":5,"featured_media":0,"parent":0,"menu_order":0,"comment_status":"closed","ping_status":"closed","template":"","meta":{"footnotes":""},"class_list":["post-1189","page","type-page","status-publish","hentry"],"_links":{"self":[{"href":"https:\/\/nangina-test.klabusnik.de\/index.php\/wp-json\/wp\/v2\/pages\/1189","targetHints":{"allow":["GET"]}}],"collection":[{"href":"https:\/\/nangina-test.klabusnik.de\/index.php\/wp-json\/wp\/v2\/pages"}],"about":[{"href":"https:\/\/nangina-test.klabusnik.de\/index.php\/wp-json\/wp\/v2\/types\/page"}],"author":[{"embeddable":true,"href":"https:\/\/nangina-test.klabusnik.de\/index.php\/wp-json\/wp\/v2\/users\/5"}],"replies":[{"embeddable":true,"href":"https:\/\/nangina-test.klabusnik.de\/index.php\/wp-json\/wp\/v2\/comments?post=1189"}],"version-history":[{"count":3,"href":"https:\/\/nangina-test.klabusnik.de\/index.php\/wp-json\/wp\/v2\/pages\/1189\/revisions"}],"predecessor-version":[{"id":1279,"href":"https:\/\/nangina-test.klabusnik.de\/index.php\/wp-json\/wp\/v2\/pages\/1189\/revisions\/1279"}],"wp:attachment":[{"href":"https:\/\/nangina-test.klabusnik.de\/index.php\/wp-json\/wp\/v2\/media?parent=1189"}],"curies":[{"name":"wp","href":"https:\/\/api.w.org\/{rel}","templated":true}]}}