{"id":1191,"date":"2020-05-29T09:18:41","date_gmt":"2020-05-29T09:18:41","guid":{"rendered":"https:\/\/nangina-test.klabusnik.de\/?page_id=1191"},"modified":"2020-06-25T10:32:16","modified_gmt":"2020-06-25T10:32:16","slug":"arca-de-esperancas-therapiezentrum-und-werkstatt-fuer-menschen-mit-behinderung-in-tegucigalpa-honduras","status":"publish","type":"page","link":"https:\/\/nangina-test.klabusnik.de\/index.php\/arca-de-esperancas-therapiezentrum-und-werkstatt-fuer-menschen-mit-behinderung-in-tegucigalpa-honduras\/","title":{"rendered":"Arca de Esperancas, Therapiezentrum und Werkstatt f\u00fcr Menschen mit Behinderung in Tegucigalpa, Honduras"},"content":{"rendered":"\n<p>In Tegucigalpa, der Hauptstadt von Honduras, werden \u00fcberdurchschnittlich viele Kinder mit schwersten Behinderungen geboren. Meistens ist Sauerstoffmangel w\u00e4hrend der Geburt die Ursache f\u00fcr geistige und k\u00f6rperliche Behinderungen.<\/p>\n\n\n\n<figure class=\"wp-block-image\"><img loading=\"lazy\" decoding=\"async\" width=\"1024\" height=\"681\" src=\"https:\/\/nangina.de\/wp-content\/uploads\/2019\/07\/Betreute-in-der-Arca-de-Esperanzas-1024x681.jpg\" alt=\"\" class=\"wp-image-934\" srcset=\"https:\/\/nangina-test.klabusnik.de\/wp-content\/uploads\/2019\/07\/Betreute-in-der-Arca-de-Esperanzas-1024x681.jpg 1024w, https:\/\/nangina-test.klabusnik.de\/wp-content\/uploads\/2019\/07\/Betreute-in-der-Arca-de-Esperanzas-300x199.jpg 300w, https:\/\/nangina-test.klabusnik.de\/wp-content\/uploads\/2019\/07\/Betreute-in-der-Arca-de-Esperanzas-768x511.jpg 768w\" sizes=\"auto, (max-width: 1024px) 100vw, 1024px\" \/><\/figure>\n\n\n\n<p>Im Jahre 2001 wurde \u201eArca de Esperanzas\u201c gegr\u00fcndet, die \u201eArche der Hoffnungen\u201c, wo Kinder und Jugendliche mit verschiedenen Behinderungen therapiert werden. Besonderer Wert wird auf die F\u00f6rderung der Sinneswahrnehmung gelegt. Dazu kommen sie einmal w\u00f6chentlich mit ihren Eltern zum Therapiezentrum. Die Eltern sind in diese Arbeit mit eingebunden und lernen dabei, ihren Kindern an den anderen Tagen selbst zu helfen. Den Bau des Therapiezentrums finanzierte die Kindernothilfe e.V..<\/p>\n\n\n\n<p>Das Therapiezentrum finanziert sich durch eine Werkstatt f\u00fcr Menschen mit Behinderung, die sich in den Arbeitsfeldern Aktenvernichtung und Recycling bet\u00e4tigt. Dazu wird zum einen Plastik gesammelt und aufbereitet. Zum Anderen arbeitet die Werkstatt aber auch mit den \u00f6rtlichen Firmen, Anw\u00e4lten und Beh\u00f6rden zusammen. Sie bietet einen mobilen Aktenvernichtungsdienst an, der auf einem LKW direkt beim Kunden durchgef\u00fchrt wird. Die Erwachsenen mit leichteren Behinderungsformen k\u00f6nnen diese Aufgaben \u00fcbernehmen, verdienen sich damit ihren Lebensunterhalt und sorgen gleichzeitig f\u00fcr die finanzielle Sicherheit des Therapiezentrums. Einen derartigen Service gab es in Tegucigalpa vorher nicht, so dass es eine hohe Anfrage durch die Kunden in der Hauptstadt von Honduras gibt. Durch diese zwei Bereiche der Arca de Esperanzas wird der Grundsatz der Hilfe zur Selbsthilfe erf\u00fcllt. Die laufenden Kosten und kleinere Anschaffungen k\u00f6nnen durch die Arca selbst \u00fcbernommen werden.<br>Durch den Erfolg der Arbeit und mit professioneller Begleitung durch einen Unternehmensberater will sich die Arca nun vergr\u00f6\u00dfern. Ein neues Grundst\u00fcck konnte bereits gekauft werden und der Bau des neuen Geb\u00e4udes ist im Gange.<\/p>\n\n\n\n<figure class=\"wp-block-image\"><img loading=\"lazy\" decoding=\"async\" width=\"1024\" height=\"512\" src=\"https:\/\/nangina.de\/wp-content\/uploads\/2017\/01\/3-1024x512.jpg\" alt=\"\" class=\"wp-image-942\" srcset=\"https:\/\/nangina-test.klabusnik.de\/wp-content\/uploads\/2017\/01\/3-1024x512.jpg 1024w, https:\/\/nangina-test.klabusnik.de\/wp-content\/uploads\/2017\/01\/3-300x150.jpg 300w, https:\/\/nangina-test.klabusnik.de\/wp-content\/uploads\/2017\/01\/3-768x384.jpg 768w, https:\/\/nangina-test.klabusnik.de\/wp-content\/uploads\/2017\/01\/3.jpg 1040w\" sizes=\"auto, (max-width: 1024px) 100vw, 1024px\" \/><\/figure>\n\n\n\n<p><strong>Ma\u00dfnahmen des Nangina e.V. in den vergangenen Jahren<\/strong><\/p>\n\n\n\n<p>Im August 2013 wurde durch den Nangina e.V. ein Rei\u00dfwolf f\u00fcr den LKW finanziert, der es der Arca de Esperancas erm\u00f6glicht, dezentral Akten zu vernichten. Durch diese Ma\u00dfnahme wurde eine gro\u00dfe Einnahmequelle f\u00fcr die Werkstatt f\u00fcr Menschen mit Behinderung geschaffen.<\/p>\n\n\n\n<div class=\"wp-block-image\"><figure class=\"aligncenter\"><img loading=\"lazy\" decoding=\"async\" width=\"1024\" height=\"768\" src=\"https:\/\/nangina.de\/wp-content\/uploads\/2017\/01\/Foto-SoPo-2-1024x768.jpg\" alt=\"\" class=\"wp-image-945\" srcset=\"https:\/\/nangina-test.klabusnik.de\/wp-content\/uploads\/2017\/01\/Foto-SoPo-2-1024x768.jpg 1024w, https:\/\/nangina-test.klabusnik.de\/wp-content\/uploads\/2017\/01\/Foto-SoPo-2-300x225.jpg 300w, https:\/\/nangina-test.klabusnik.de\/wp-content\/uploads\/2017\/01\/Foto-SoPo-2-768x576.jpg 768w\" sizes=\"auto, (max-width: 1024px) 100vw, 1024px\" \/><\/figure><\/div>\n\n\n\n<p>Im Jahr 2014 f\u00f6rderte der Nangina den Ausbau des Therapie- und Betreuungsbereichs der Arca und den Bau des Werkstattgeb\u00e4udes mit 43.622,96 \u20ac. Seitdem k\u00f6nnen weitere Mitarbeiter und Mitarbeiterinnen in der Werkstatt arbeiten und schwerpunktm\u00e4\u00dfig im Bereich des Recyclings von Papier neue Ware herstellen, die sie zum Verkauf anbieten.<\/p>\n\n\n\n<p>Im September 2016 wurde eine Reise der beiden Leiterinnen des Therapiezentrums nach Deutschland finanziert. Da es nur in Deutschland ein ausgereiftes System von Werkst\u00e4tten f\u00fcr Menschen mit Behinderung gibt, wollen sie sich vor Ort weiterbilden und ihre Erkenntnisse auf die Arbeit in Honduras \u00fcbertragen.<\/p>\n\n\n\n<p>Um die Erweiterung des Projekts zu erm\u00f6glichen finanzierte Nangina 2017 mit 60. 000 \u20ac die Anzahlung f\u00fcr das neu gekaufte Grundst\u00fcck in einer sichereren Gegend. Die weiteren Kosten kann die Arca mit den Einnahmen aus der Recyclingwerkstatt abbezahlen.<\/p>\n\n\n\n<p>2018 wurde gemeinsam mit dem Bundesministerium f\u00fcr wirtschaftliche Zusammenarbeit (BMZ) der Bau des ersten Geb\u00e4udes finanziert und durchgef\u00fchrt. Der Nangina e. V. beteiligte sich dabei mit einem Anteil von 16.650 \u20ac und wird durch das BMZ mit 49.987,50 \u20ac erg\u00e4nzt.<\/p>\n\n\n\n<p><strong>Besuche von Nanginesen oder Gegenbesuche von Projektpartnern<\/strong><\/p>\n\n\n\n<p>Februar-M\u00e4rz 2019: Besuch von Peter Warlimont im Rahmen des Senior Expert Service (SES)<\/p>\n\n\n\n<p>M\u00e4rz-April 2018: Besuch von Peter Warlimont im Rahmen des Senior Expert Service (SES)<\/p>\n\n\n\n<p>M\u00e4rz-April 2017: Besuch von Peter Warlimont im Rahmen des Senior Expert Service (SES)<\/p>\n\n\n\n<p>September 2016: Besuch von Lorena Castillo und Karen Ch\u00e9vez aus Tegucigalpa in Deutschland<\/p>\n\n\n\n<div class=\"wp-block-image\"><figure class=\"aligncenter\"><img loading=\"lazy\" decoding=\"async\" width=\"1024\" height=\"769\" src=\"https:\/\/nangina.de\/wp-content\/uploads\/2017\/01\/P1020449-1024x769.jpg\" alt=\"\" class=\"wp-image-943\" srcset=\"https:\/\/nangina-test.klabusnik.de\/wp-content\/uploads\/2017\/01\/P1020449-1024x769.jpg 1024w, https:\/\/nangina-test.klabusnik.de\/wp-content\/uploads\/2017\/01\/P1020449-300x225.jpg 300w, https:\/\/nangina-test.klabusnik.de\/wp-content\/uploads\/2017\/01\/P1020449-768x577.jpg 768w\" sizes=\"auto, (max-width: 1024px) 100vw, 1024px\" \/><\/figure><\/div>\n\n\n\n<p>M\u00e4rz-April 2016: Besuch von Peter Warlimont im Rahmen des Senior Expert Service (SES)<\/p>\n\n\n\n<p>M\u00e4rz-April 2015: Besuch von Peter Warlimont im Rahmen des SES<\/p>\n\n\n\n<p>M\u00e4rz-April 2014: Besuch von Peter Warlimont im Rahmen des SES<\/p>\n\n\n\n<p>M\u00e4rz-April 2013: Besuch von Peter Warlimont im Rahmen des SES<\/p>\n\n\n\n<p><strong>Aktuelle Entwicklungen<\/strong><\/p>\n\n\n\n<p>Im Rahmen des Umzugs wird die Arca des Esperanzas erweitert. Der Werkstattbereich kann weiter ausgebaut werden, da sich die Arbeit im Recyclingsektor als erfolgreich erwiesen hat. Weiterhin ist eine Versorgung \u00e4lterer Menschen mit Behinderung in Planung, da f\u00fcr diese Menschen bisher keine Einrichtung existiert und sie nicht immer von Familienangeh\u00f6rigen versorgt werden k\u00f6nnen.<\/p>\n\n\n\n<p><a href=\"https:\/\/nangina.de\/index.php\/2019\/07\/11\/beschuetzende-werkstatt-in-honduras-eingeweiht\/\">Ein Bericht vom 28.06.2019 finden Sie hier.<\/a><\/p>\n\n\n\n<p>F\u00fcr weitere Informationen: \u201eArca de Esperanzas\u201c auf Facebook<\/p>\n\n\n\n<p><\/p>\n\n\n\n<p>Unsere Beit\u00e4ge f\u00fcr dieses Projekt:<\/p>\n\n\n<ul class=\"wp-block-latest-posts__list wp-block-latest-posts\"><\/ul>\n\n\n<p><\/p>\n","protected":false},"excerpt":{"rendered":"<p>In Tegucigalpa, der Hauptstadt von Honduras, werden \u00fcberdurchschnittlich viele Kinder mit schwersten Behinderungen geboren. Meistens ist Sauerstoffmangel w\u00e4hrend der Geburt die Ursache f\u00fcr geistige und k\u00f6rperliche Behinderungen. Im Jahre 2001 &#8230;<\/p>\n","protected":false},"author":5,"featured_media":0,"parent":0,"menu_order":0,"comment_status":"closed","ping_status":"closed","template":"","meta":{"footnotes":""},"class_list":["post-1191","page","type-page","status-publish","hentry"],"_links":{"self":[{"href":"https:\/\/nangina-test.klabusnik.de\/index.php\/wp-json\/wp\/v2\/pages\/1191","targetHints":{"allow":["GET"]}}],"collection":[{"href":"https:\/\/nangina-test.klabusnik.de\/index.php\/wp-json\/wp\/v2\/pages"}],"about":[{"href":"https:\/\/nangina-test.klabusnik.de\/index.php\/wp-json\/wp\/v2\/types\/page"}],"author":[{"embeddable":true,"href":"https:\/\/nangina-test.klabusnik.de\/index.php\/wp-json\/wp\/v2\/users\/5"}],"replies":[{"embeddable":true,"href":"https:\/\/nangina-test.klabusnik.de\/index.php\/wp-json\/wp\/v2\/comments?post=1191"}],"version-history":[{"count":4,"href":"https:\/\/nangina-test.klabusnik.de\/index.php\/wp-json\/wp\/v2\/pages\/1191\/revisions"}],"predecessor-version":[{"id":1267,"href":"https:\/\/nangina-test.klabusnik.de\/index.php\/wp-json\/wp\/v2\/pages\/1191\/revisions\/1267"}],"wp:attachment":[{"href":"https:\/\/nangina-test.klabusnik.de\/index.php\/wp-json\/wp\/v2\/media?parent=1191"}],"curies":[{"name":"wp","href":"https:\/\/api.w.org\/{rel}","templated":true}]}}