{"id":1213,"date":"2020-05-29T10:15:32","date_gmt":"2020-05-29T10:15:32","guid":{"rendered":"https:\/\/nangina-test.klabusnik.de\/?page_id=1213"},"modified":"2020-06-25T10:45:33","modified_gmt":"2020-06-25T10:45:33","slug":"landkrankenhaus-attat","status":"publish","type":"page","link":"https:\/\/nangina-test.klabusnik.de\/index.php\/landkrankenhaus-attat\/","title":{"rendered":"Landkrankenhaus Attat"},"content":{"rendered":"\n<p><strong>Das Landkrankenhaus in Attat in \u00c4thiopien<\/strong><\/p>\n\n\n\n<p>Das Krankenhaus in dem kleinen Dorf Attat liegt 175 km s\u00fcdwestlich von der Hauptstadt Addis Abeba in \u00c4thiopien. Es versorgt die im Umkreis von 100 km lebenden 1 000 000 Menschen und wird von den Missions\u00e4rztlichen Schwestern, einem internationalen Frauenorden, betrieben. Seit der Gr\u00fcndung 1967 hat das Krankenhaus die gesamte Gegend grundlegend ver\u00e4ndert.<\/p>\n\n\n\n<p>Durch Pr\u00e4ventionsprogramme im Bereich der Bildung und Infrastruktur k\u00f6nnen Krankheiten schon im Vorhinein verhindert werden. Beispielsweise gab es vor einiger Zeit noch h\u00e4ufige F\u00e4lle der Augenkrankheit Trachom, eine bakterielle Infektion der Augenlider, die durch Fliegen \u00fcbertragen wird und zu Blindheit f\u00fchren kann. Durch verschiedene Programme des Krankenhauses wurden die Menschen davon \u00fcberzeugt, Toiletten zu bauen und zu benutzen, damit die Zahl der Fliegen reduziert werden kann. Heutzutage sind kaum noch F\u00e4lle dieser Krankheit zu finden. Weiterhin hat sich die Zahl von Durchfallpatienten drastisch verringert, da 144 D\u00f6rfern in der Umgebung ein eigener Zugang zu sauberem Wasser erm\u00f6glicht werden konnte.<\/p>\n\n\n\n<p>Auch die Schwangerenversorgung im Krankenhaus und die Behandlung zahlreicher akuter Erkrankungen sorgt f\u00fcr eine h\u00f6here Lebensqualit\u00e4t in der Gegend von Attat. Durch den guten Ruf des Krankenhauses kommen immer mehr Patienten, so dass in der Ambulanz t\u00e4glich mehr als 300 Patienten und Patientinnen behandelt werden und die Betten auf der Station meist \u00fcber 100 % belegt sind und die Patienten teilweise auf Matten auf dem Boden liegen m\u00fcssen. Um alle Menschen unterzubringen wird zur Zeit ein neues Geb\u00e4ude errichtet. Innerhalb der n\u00e4chsten Monate werden dort Operationss\u00e4le, die Sterilisation und ein neuer Krei\u00dfsaal untergebracht. Anschlie\u00dfend werden die Stationen erweitert, so dass das Attat-Hospital den Patientenzahlen wieder gerecht werden kann.<\/p>\n\n\n\n<p><strong>Ma\u00dfnahmen des Nangina e.V. in den vergangenen Jahren<\/strong><\/p>\n\n\n\n<p>Im Jahr 2015 wurden durch den Nangina e.V. neue Sterilisatoren, die f\u00fcr die ausreichende Hygiene im OP sorgen, finanziert. Diese werden ben\u00f6tigt, da es f\u00fcr die bisherigen nach langem Gebrauch keine Ersatzteile mehr gibt.<\/p>\n\n\n\n<p>J\u00e4hrlich werden auch die laufenden Kosten des Krankenhauses unterst\u00fctzt. Dr. Sr. Rita Schiffer, die Leiterin des Attat-Krankenhauses, erkl\u00e4rt, warum dies einen besonders wichtigen Beitrag darstellt: \u201eDas R\u00fcckrad des Krankenhauses ist das Personal. Gute Geb\u00e4ude und Materialien k\u00f6nnen viel bewirken, aber das Wichtigste ist, dass wir unsere Mitarbeiter motivieren und qualifizieren und schlie\u00dflich fair bezahlen k\u00f6nnen. Sie bilden das Fundament guter Arbeit in unserem Krankenhaus.\u201c Die laufenden Kosten werden aber nicht nur durch Spenden finanziert. Auch die Patientinnen und Patienten tragen einen Teil der Kosten. Da es in \u00c4thiopien aber keine Krankenversicherung gibt, bekommen alle Patienten eine Rechnung, die sie teilweise vollst\u00e4ndig, zumindest aber anteilig bezahlen. So tragen sowohl das Krankenhauspersonal, die Kinder und Jugendlichen und die Spender des Nangina e.V. in Deutschland, als auch die einfache Landbev\u00f6lkerung vor Ort dazu bei, dass das Krankenhaus weiter bestehen und f\u00fcr bessere Gesundheitsbedingungen in \u00c4thiopien sorgen kann.<\/p>\n\n\n\n<p><strong>Besuche <\/strong><strong>von Nanginesen oder Gegenbesuche von Projektpartnern<\/strong><\/p>\n\n\n\n<p>Juni 2016: Katharina Stritzke<\/p>\n\n\n\n<p>Zum Erfahrungsbericht geht es <em>hier.<\/em><\/p>\n\n\n\n<p>Juli 2015: Besuch von 12 Nanginesen im Rahmen einer Jugendreise des Nangina e.V.<\/p>\n\n\n\n<p>Zum Erfahrungsbericht geht es<em> hier.<\/em><\/p>\n\n\n\n<p>Mai 2015: Besuch von Sr. Inge in Deutschland<\/p>\n\n\n\n<p>Juni 2013: Besuch von Sr. Rita in Deutschland<\/p>\n\n\n\n<p><strong>Aktuelle Entwicklungen<\/strong><\/p>\n\n\n\n<p>Das Krankenhaus entwickelt sich weiter. Seit letztem Jahr k\u00f6nnen Magen- und Darmspiegelungen durchgef\u00fchrt werden und es gibt eine kleine Station f\u00fcr Fr\u00fchgeborene. In Zukunft will sich das Krankenhaus au\u00dferdem auf Brandwunden spezialisieren. Gerade Kinder oder Menschen mit Behinderung verbrennen sich leicht an den Kerosinlampen, die in den H\u00fctten verwendet werden. Bisher k\u00f6nnen nur in einem Krankenhaus in der Hauptstadt Addis Abeba Hauttransplantationen durchgef\u00fchrt werden. Der Zugang zu diesem Krankenhaus ist f\u00fcr die Menschen aus Attat nur selten m\u00f6glich. Wenn die n\u00f6tigen Ger\u00e4te vorhanden und Qualifikationsma\u00dfnahmen abgeschlossen sind, wird auch das Krankenhaus in Attat die Menschen mit gr\u00f6\u00dferen Brandverletzungen versorgen k\u00f6nnen.<\/p>\n\n\n\n<p>Zur einer Nachricht aus Attat im September 2016 geht es <em>hier.<\/em><\/p>\n\n\n\n<p>F\u00fcr weitere Informationen: <a href=\"http:\/\/www.attat-hospital.de\/\" target=\"_blank\" rel=\"noreferrer noopener\">www.attat-hospital.de<\/a><\/p>\n\n\n\n<p>Film \u00fcber das Krankenhaus: <a href=\"https:\/\/www.youtube.com\/watch?v=clhzHqq-k48&amp;feature=em-upload_owner\" target=\"_blank\" rel=\"noreferrer noopener\">https:\/\/www.youtube.com\/watch?v=clhzHqq-k48&amp;feature=em-upload_owner<\/a><\/p>\n\n\n\n<p><\/p>\n\n\n\n<p>Unsere Beitr\u00e4ge f\u00fcr das Prjoekt:<\/p>\n\n\n<ul class=\"wp-block-latest-posts__list wp-block-latest-posts\"><\/ul>","protected":false},"excerpt":{"rendered":"<p>Das Landkrankenhaus in Attat in \u00c4thiopien Das Krankenhaus in dem kleinen Dorf Attat liegt 175 km s\u00fcdwestlich von der Hauptstadt Addis Abeba in \u00c4thiopien. Es versorgt die im Umkreis von &#8230;<\/p>\n","protected":false},"author":5,"featured_media":0,"parent":0,"menu_order":0,"comment_status":"closed","ping_status":"closed","template":"","meta":{"footnotes":""},"class_list":["post-1213","page","type-page","status-publish","hentry"],"_links":{"self":[{"href":"https:\/\/nangina-test.klabusnik.de\/index.php\/wp-json\/wp\/v2\/pages\/1213","targetHints":{"allow":["GET"]}}],"collection":[{"href":"https:\/\/nangina-test.klabusnik.de\/index.php\/wp-json\/wp\/v2\/pages"}],"about":[{"href":"https:\/\/nangina-test.klabusnik.de\/index.php\/wp-json\/wp\/v2\/types\/page"}],"author":[{"embeddable":true,"href":"https:\/\/nangina-test.klabusnik.de\/index.php\/wp-json\/wp\/v2\/users\/5"}],"replies":[{"embeddable":true,"href":"https:\/\/nangina-test.klabusnik.de\/index.php\/wp-json\/wp\/v2\/comments?post=1213"}],"version-history":[{"count":3,"href":"https:\/\/nangina-test.klabusnik.de\/index.php\/wp-json\/wp\/v2\/pages\/1213\/revisions"}],"predecessor-version":[{"id":1287,"href":"https:\/\/nangina-test.klabusnik.de\/index.php\/wp-json\/wp\/v2\/pages\/1213\/revisions\/1287"}],"wp:attachment":[{"href":"https:\/\/nangina-test.klabusnik.de\/index.php\/wp-json\/wp\/v2\/media?parent=1213"}],"curies":[{"name":"wp","href":"https:\/\/api.w.org\/{rel}","templated":true}]}}