{"id":276,"date":"2017-06-10T11:15:43","date_gmt":"2017-06-10T11:15:43","guid":{"rendered":"https:\/\/nangina-new.klabusnik.de\/?page_id=276"},"modified":"2017-08-18T10:35:14","modified_gmt":"2017-08-18T10:35:14","slug":"spenden","status":"publish","type":"page","link":"https:\/\/nangina-test.klabusnik.de\/index.php\/spenden\/","title":{"rendered":"Spenden"},"content":{"rendered":"<p><strong>\u00dcberweisung<\/strong><\/p>\n<p>Wenn Sie eine Spende per \u00dcberweisung t\u00e4tigen m\u00f6chten, spenden Sie bitte auf das folgende Konto:<\/p>\n<p>IBAN: DE51 4525 0035 0000 4530 01<br \/>\nBIC: WELADED1WTN<br \/>\nSparkasse Witten<\/p>\n<p>Falls Sie eine Spendenquittung ben\u00f6tigen, geben Sie bitte Ihre Adresse im Verwendungszweck an.<\/p>\n<p>Vielen Dank!<\/p>\n<p><!-- <strong>Lastschrift<\/strong>\n\nHier k\u00f6nnen Sie dem Nangina e.V. eine Einzugserm\u00e4chtigung per Lastschrift erteilen. Sie k\u00f6nnen ausw\u00e4hlen, ob sie einmalig oder regelm\u00e4\u00dfig spenden m\u00f6chten. Der entsprechende Betrag wird fr\u00fchestens 1-2 Tage nach Erteilung des Auftrags von Ihrem Konto abgebucht.\n\nBitte unterschreiben Sie hier:\n\nIch habe die AGB gelesen und so weiter \u2026 verkaufe meine Seele \u2026 bla blubb \u2026 vermache Nangina mein gesamtes Verm\u00f6gen und Erbe \u2026 bla.\n\n[contact-form-7 id=\"277\" title=\"Spendenformular\"] --><\/p>\n","protected":false},"excerpt":{"rendered":"<p>\u00dcberweisung Wenn Sie eine Spende per \u00dcberweisung t\u00e4tigen m\u00f6chten, spenden Sie bitte auf das folgende Konto: IBAN: DE51 4525 0035 0000 4530 01 BIC: WELADED1WTN Sparkasse Witten Falls Sie eine &#8230;<\/p>\n","protected":false},"author":1,"featured_media":0,"parent":0,"menu_order":0,"comment_status":"closed","ping_status":"closed","template":"","meta":{"footnotes":""},"class_list":["post-276","page","type-page","status-publish","hentry"],"_links":{"self":[{"href":"https:\/\/nangina-test.klabusnik.de\/index.php\/wp-json\/wp\/v2\/pages\/276","targetHints":{"allow":["GET"]}}],"collection":[{"href":"https:\/\/nangina-test.klabusnik.de\/index.php\/wp-json\/wp\/v2\/pages"}],"about":[{"href":"https:\/\/nangina-test.klabusnik.de\/index.php\/wp-json\/wp\/v2\/types\/page"}],"author":[{"embeddable":true,"href":"https:\/\/nangina-test.klabusnik.de\/index.php\/wp-json\/wp\/v2\/users\/1"}],"replies":[{"embeddable":true,"href":"https:\/\/nangina-test.klabusnik.de\/index.php\/wp-json\/wp\/v2\/comments?post=276"}],"version-history":[{"count":5,"href":"https:\/\/nangina-test.klabusnik.de\/index.php\/wp-json\/wp\/v2\/pages\/276\/revisions"}],"predecessor-version":[{"id":1418,"href":"https:\/\/nangina-test.klabusnik.de\/index.php\/wp-json\/wp\/v2\/pages\/276\/revisions\/1418"}],"wp:attachment":[{"href":"https:\/\/nangina-test.klabusnik.de\/index.php\/wp-json\/wp\/v2\/media?parent=276"}],"curies":[{"name":"wp","href":"https:\/\/api.w.org\/{rel}","templated":true}]}}