{"id":518,"date":"2017-06-17T00:41:13","date_gmt":"2017-06-17T00:41:13","guid":{"rendered":"https:\/\/nangina-new.klabusnik.de\/?page_id=518"},"modified":"2019-07-11T22:44:59","modified_gmt":"2019-07-11T22:44:59","slug":"finanzen","status":"publish","type":"page","link":"https:\/\/nangina-test.klabusnik.de\/index.php\/verein\/finanzen\/","title":{"rendered":"Finanzen"},"content":{"rendered":"<p><a href=\"https:\/\/nangina.de\/wp-content\/uploads\/2019\/07\/Kassenbericht-2018.pdf\">Kassenbericht 2018<\/a><\/p>\n<p><a href=\"https:\/\/nangina.de\/wp-content\/uploads\/2018\/09\/Kassenbericht-2017.pdf\">Kassenbericht 2017<\/a><br \/><a href=\"https:\/\/nangina.de\/wp-content\/uploads\/2017\/06\/Kassenbericht-2016.pdf\">Kassenbericht 2016<\/a><\/p>\n<p><span style=\"color: red;\">Gesamtausgaben in die Nangina-Projekte seit 1988 (Gr\u00fcndung): 3.961.642,19 \u20ac<\/span><\/p>\n<p><strong>PROJEKTE 2019<\/strong><\/p>\n<p>04.01.19 Uganda: Geb\u00e4ude f\u00fcr Shop und Restaurant der Julina-Memorial-School in Mityana 31.000,00 \u20ac<\/p>\n<p>18.01.19 Honduras: Arca de Esperanzas, Erschlie\u00dfungskosten des Grundst\u00fccks 20.992,61 \u20ac<\/p>\n<p>13.03.19 \u00c4thiopien: Laufende Kosten f\u00fcr das Landkrankenhaus Attat 15.000,00 \u20ac<\/p>\n<p>13.03.19 Kenia: Leichenhalle als Einkommensprojekt f\u00fcr Nangina Hospital 60.000,00 \u20ac<\/p>\n<p>31.05.19 Kenia: Laufende Kosten des Comboni Health Programmes im Slum Korogocho in Nairobi 30 000,00 \u20ac<\/p>\n<p><span style=\"color: #ff0000;\">Bisher 2019: 156.992,61 \u20ac<\/span><\/p>\n<p><strong>PROJEKTE 2018 <\/strong><br \/>05.01.18 \u00c4thiopien: Lfd. Kosten Attat-Hospital(Missions\u00e4rztl.Schw.) 15.000,00 \u20ac<br \/>10.04.18 Kenia: Schulgeb\u00fchren f\u00fcr Sch\u00fcler weiterf\u00fchrender Schulen in Nairobi 10.000,00 \u20ac<br \/>10.04.18 Kenia: Renovierung der St. Martin Grundschule im Slum Mathere in Nairobi 35.000,00 \u20ac<br \/>09.05.18 Uganda: Erste Rate f\u00fcr den Bau eines Schlafsaals f\u00fcr die Mother Theresa Secondary School in Gulu 32.000,00 \u20ac<br \/>09.05.18 Uganda: Regenrinnen und Regenwassertank f\u00fcr die Julina Memorial School in Mityana 4.500,00 \u20ac<br \/>19.06.18 Kenia: Renovierung und lfd. Kosten des Comboni Health Programmes im Slum Korogocho in Nairobi 30 000,00 \u20ac<br \/>25.07.18 Honduras: Neubau der Werkstatt f\u00fcr behinderte Menschen Arca de Esperanzas in Tegucigalpa 40.301,84 \u20ac<br \/>17.08.18 Kenia: Leichenhalle als Einkommensprojekt f\u00fcr Nangina Hospital 30.000,00 \u20ac<br \/>13.09.18 Uganda: Anteilfinanzierung der Lehrergeh\u00e4lter f\u00fcr 2018 und 2019 in Julina Memorial School Mityana 9.500,00 \u20ac<br \/>13.09.18 Uganda: Neues Equipment f\u00fcr die N\u00e4h- &amp; Schreinerklasse der Julina Memorial School Mityana 2.700,00 \u20ac<br \/>05.10.18 Uganda: Zweite Rate f\u00fcr den Bau eines Schlafsaals f\u00fcr die Mother Theresa Secondary School in Gulu 32.000,00 \u20ac<\/p>\n<p>22.11.18 Kenia: Anteilfinanzierung der Vorschule in Kibuk 18.000,00 \u20ac<\/p>\n<p>27.12.18 Honduras: Finanzierung des Neubaus der Werkstatthalle der Arca de Esperanzas 24.742,45 \u20ac<\/p>\n<p><span style=\"color: red;\">Gesamt 2018: 323.744,29 \u20ac<\/span><\/p>\n<p><strong>PROJEKTE 2017 <\/strong><br \/>02.01.17 Kenia: M\u00e4dcheninternat in Kibuk, Mensa 40.000,00 \u20ac<br \/>16.01.17 Honduras: Bildungsreise f\u00fcr die Leiterinnen der Behindertenwerkstatt 516,88 \u20ac<br \/>17.01.17 Schulgeb\u00fchren f\u00fcr bed\u00fcrftige Sch\u00fclerInnen in der Di\u00f6zese Bungoma 10.000,00 \u20ac<br \/>27.02.17 Honduras: Grundst\u00fcck f\u00fcr Behindertenwerkstatt 60.136,48 \u20ac<br \/>13.04.17 Kenia: Tische und B\u00e4nke f\u00fcr das M\u00e4dcheninternat in Kibuk 4.500,00 \u20ac<br \/>13.06.17 \u00c4thiopien: Lfd. Kosten Attat-Hospital 15.000,00 \u20ac<br \/>20.09.17 \u00c4thiopien: Dachreparatur und Operationen im Attat-Hospital 30.000,00 \u20ac<br \/>23.11.17 Uganda: Ausstattung des Geb\u00e4udes des St.Francis Counsellor Training Institute 5.000,00 \u20ac<br \/>23.11.17 Uganda: Studiengeb\u00fchren f\u00fcr Psychologiestudenten im St.Francis Counsellor Training Institute 20.000,00 \u20ac<br \/>30.11.17 Honduras: Unternehmensberatung f\u00fcr die Erweiterung der Arca de Esperanzas in Tegucigalpa 9.377,38 \u20ac<\/p>\n<p><span style=\"color: red;\">Gesamt 2017: 194.530,74 \u20ac<\/span><\/p>\n<p><strong>PROJEKTE 2016 <\/strong><br \/>11.01.16 Kenia: Ultraschallger\u00e4t f\u00fcr Nangina Hospital 24.000,00 \u20ac<br \/>19.01.16 Honduras: Aktenvernichter f\u00fcr Behindertenwerkstatt 18.515,45 \u20ac<br \/>24.03.16 Kenia: M\u00e4dcheninternat in Kibuk 40.000,00 \u20ac<br \/>12.04.16 Tansania: Wassertanks f\u00fcr Padre Pio School in Arusha 8.000,00 \u20ac<br \/>06.05.16 Honduras: Aktenvernichter f\u00fcr Behindertenwerkstatt 1.950,00 \u20ac<br \/>03.06.16 Uganda: Brunnenbau in Tororo 14.175,00 \u20ac<br \/>15.06.16 \u00c4thiopien: Laufende Kosten Attat Hospital 15.000,00 \u20ac<br \/>16.08.16 Kenia: Leichenhalle als Einkommensprojekt f\u00fcr Nangina Hospital 30.000,00 \u20ac<br \/>29.08.16 Honduras: Bildungsreise f\u00fcr die Leiterinnen der Behindertenwerkstatt 5.500,00 \u20ac<br \/>14.09.16 \u00c4thiopien: Patienten\u00fcberwachungsger\u00e4t Attat Hospital 2.000,00 \u20ac<br \/>07.11.16 Kenia: St.Martin Prime School Nairobi 12.000,00 \u20ac<br \/>07.11.16 Kenia: Comboni Health Centre Kariobangi, Nairobi 20.000,00 \u20ac<br \/>07.11.16 Kenia: \u00c4rzteehepaar Nangina 7.827,68 \u20ac<br \/>21.11.16 Honduras: Aktenvernichter f\u00fcr Behindertenwerkstatt 8.203,15 \u20ac<br \/>30.12.16 Uganda: Speisesaal f\u00fcr Juliana Memorial School f\u00fcr geh\u00f6rlose Kinder 20.000,00 \u20ac<\/p>\n<p><span style=\"color: red;\">Gesamt 2016: 227.171,28 \u20ac<\/span><\/p>\n<p><strong>PROJEKTE 2015 <\/strong><br \/>30.01.15 Frachtkosten Brillen f\u00fcr Brillen ohne Grenzen 253,18 \u20ac<br \/>17.02.15 Kenia: \u00c4rzteehepaar Nangina 20.512,00 \u20ac<br \/>23.03.15 Kenia: M\u00f6bilierung M\u00e4dcheninternat in Kibuk 6.000,00 \u20ac<br \/>23.03.15 Kenia: Schulgeb\u00fchren Bungoma 9.000,00 \u20ac<br \/>23.06.15 Kenia: Kompressor Nangina Hospital 1.088,85 \u20ac<br \/>08.09.15 Kenia: St.Martin Prime School Nairobi 12.000,00 \u20ac<br \/>08.09.15 Kenia: Comboni Health Centre Kariobangi, Nairobi 20.000,00 \u20ac<br \/>29.09.15 \u00c4thiopien: Laufende Kosten Attat Hospital 15.000,00 \u20ac<br \/>29.09.15 \u00c4thiopien: Sterilisator f\u00fcr Attat Hospital 20.000,00 \u20ac<br \/>02.11.15 Kenia: \u00c4rzteehepaar Nangina 18.104,67 \u20ac<br \/>15.12.15 Uganda: Dach des Beratungsinstituts Mbarara 21.500,00 \u20ac<\/p>\n<p><span style=\"color: red;\">Gesamt 2015: 143.458,70 \u20ac<\/span><\/p>\n<p><strong>PROJEKTE 2014 <\/strong><br \/>28.01.14 Honduras: Solarlampen u. Behindertenwerkstatt Arca 17.000,00 \u20ac<br \/>11.02.14 Kenia: Handdermatome Nangina Krankenhaus 710,74 \u20ac<br \/>11.02.14 Kenia: Abfertigungsgeb\u00fchr Hauptzollamt f\u00fcr Handdermatom 44,00 \u20ac<br \/>24.02.14 Kenia: Transportkosten f\u00fcr medizinisches Material Nangina 751,23 \u20ac<br \/>24.03.14 Frachtkosten Brillen f\u00fcr Brillen ohne Grenzen 293,54 \u20ac<br \/>02.04.14 Kenia: Renovierung Watoto Wetu School f\u00fcr Waisenkinder 20.000,00 \u20ac<br \/>15.04.14 Frachtkosten Brillen f\u00fcr Brillen ohne Grenzen 51,82 \u20ac<br \/>20.05.14 Kenia: Comboni Health Programme Korogocho, Nairobi 7.000,00 \u20ac<br \/>18.06.14 Honduras: Arca da Esperanzas Behindertenzentrum 24.000,00 \u20ac<br \/>22.08.14 Kenia: M\u00e4dcheninternat in Kibuk 50.000,00 \u20ac<br \/>11.09.14 Little Sisters of Mary 2.100,00 \u20ac<br \/>13.10.14 Kenia: F\u00f6rderschule in Butula 15.000,00 \u20ac<br \/>23.12.14 \u00c4thiopien: Laufende Kosten Attat Hospital 15.000,00 \u20ac<\/p>\n<p><span style=\"color: red;\">Gesamt 2014: 151.951,33 \u20ac<\/span><\/p>\n<p><strong>PROJEKTE 2013 <\/strong><br \/>04.01.13 Honduras: LKW f\u00fcr Behindertenwerkstatt 15.000,00 \u20ac<br \/>05.02.13 Kenia: Schulgeb\u00fchren Bungoma 9.000,00 \u20ac<br \/>20.02.13 Frachtkosten Brillen f\u00fcr Brillen ohne Grenzen 2.000,00 \u20ac<br \/>03.05.13 Honduras: Reisswolf\/Solarlampen 13.000,00 \u20ac<br \/>18.06.13 Kenia: Comboni Sisters Kileleshwa Health Project 7.000,00 \u20ac<br \/>16.07.13 Tansania: Jungenschlafs\u00e4le Blindenschule 11.500,00 \u20ac<br \/>16.07.13 Tansania: Mauer (Anteil) Blindenschule 5.000,00 \u20ac<br \/>19.07.13 \u00c4thiopien: Laufende Kosten Attat-Hospital 15.000,00 \u20ac<br \/>14.08.13 Uganda: T\u00fcre und Fenster f\u00fcr Beratungsinstitut 20.000,00 \u20ac<br \/>07.10.13 Kenia: M\u00e4dcheninternat in Kibuk 50.000,00 \u20ac<br \/>15.11.13 Kenia: \u00c4rzteehepaar Nangina 20.513,00 \u20ac<br \/>11.12.13 Kenia: \u00c4rzteehepaar Nangina 9.052,33 \u20ac<br \/>30.12.13 Kenia: R\u00f6ntgenger\u00e4t Nangina 50.000,00 \u20ac<br \/>30.12.13 Kenia: Schulgeb\u00fchren Bungoma 9.000,00 \u20ac<\/p>\n<p><span style=\"color: red;\">Gesamt 2013: 236.065,33 \u20ac<\/span><\/p>\n<p><strong>PROJEKTE 2012 <\/strong><br \/>13.04.12 Honduras: Schulausstattung San Juan del Rancho 18.000,00 \u20ac<br \/>24.04.12 Kenia: Comboni Sisters Kileleshwa Health Project 10.000,00 \u20ac<br \/>04.06.12 Kenia: Holy Family Hospital Nangina 30.000,00 \u20ac<br \/>03.07.12 Uganda: Julina-Memorial-School, Geh\u00f6rlosenschule 12.000,00 \u20ac<br \/>09.07.12 Namibia: Dachrep.\/Elektrokessel\/Leitungen 15.000,00 \u20ac<br \/>22.08.12 \u00c4thiopien: Laufende Kosten Attat Hospital 15.000,00 \u20ac<br \/>20.11.12 Kenia: M\u00e4dcheninternat in Kibuk 50.000,00 \u20ac<br \/>28.12.12 \u00c4thiopien: Attat-Hospital 50.000,00 \u20ac<\/p>\n<p><span style=\"color: red;\">Gesamt 2012: 200.000,00 \u20ac<\/span><\/p>\n<p><strong>PROJEKTE 2011 <\/strong><br \/>08.02.11 Kenia: Watoto Wetu Schule f\u00fcr Waisenkinder 35.000,00 \u20ac<br \/>23.02.11 Kenia: Transportkosten Stuhl u.Zubeh. f\u00fcr Krankenhaus Nangina 514,68 \u20ac<br \/>11.03.11 Kenia: Apotheke in Bungoma 48.000,00 \u20ac<br \/>12.04.11 Honduras: Schulbau Honduras 33.000,00 \u20ac<br \/>05.08.11 Kenia: Comboni Sisters Kileleshwa Health Project 8.000,00 \u20ac<br \/>17.09.11 Tansania: Schulbau in Hai 20.000,00 \u20ac<br \/>18.10.11 Kenia: Di\u00f6zese Machakos Hungerhilfe 4.000,00 \u20ac<br \/>24.10.11 Kenia: Di\u00f6zese Bungoma Hungerhilfe 15.000,00 \u20ac<br \/>30.12.11 Kenia: Di\u00f6zese Bungoma\/Flutopfer 18.500,00 \u20ac<br \/>30.12.11 Kenia: Schulgeb\u00fchren Bungoma 9.000,00 \u20ac<\/p>\n<p><span style=\"color: red;\">Gesamt 2011: 191.014,68 \u20ac<\/span><\/p>\n<p><strong>PROJEKTE 2010 <\/strong><br \/>03.05.10 Kenia: Mama Farmers Self Help Group 5.000,00 \u20ac<br \/>14.05.10 Honduras: Solarlampen 6.040,05 \u20ac<br \/>18.05.10 \u00c4thiopien: Ausbild. Di\u00f6zese Addis 10.000,00 \u20ac<br \/>26.07.10 \u00c4thiopien: Kindergarten Attat 5.000,00 \u20ac<br \/>28.09.10 Tansania: Medikamentenhilfe 5.000,00 \u20ac<br \/>05.10.10 Honduras: Grundst\u00fcck 36.350,00 \u20ac<br \/>09.12.10 Kenia: Schulgeb\u00fchren Bungoma 9.000,00 \u20ac<br \/>09.12.10 Kenia: Renovation Mundika School Bugoma 23.000,00 \u20ac<br \/>30.12.10 \u00c4thiopien: Rohre Attat Hospital 50.000,00 \u20ac<br \/>30.12.10 \u00c4thiopien: Laufende Kosten Attat Hospital 12.000,00 \u20ac<\/p>\n<p><span style=\"color: red;\">Gesamt 2010: 161.390,05 \u20ac<\/span><\/p>\n\n\n<p><\/p>\n","protected":false},"excerpt":{"rendered":"<p>Kassenbericht 2018 Kassenbericht 2017Kassenbericht 2016 Gesamtausgaben in die Nangina-Projekte seit 1988 (Gr\u00fcndung): 3.961.642,19 \u20ac PROJEKTE 2019 04.01.19 Uganda: Geb\u00e4ude f\u00fcr Shop und Restaurant der Julina-Memorial-School in Mityana 31.000,00 \u20ac 18.01.19 &#8230;<\/p>\n","protected":false},"author":2,"featured_media":0,"parent":512,"menu_order":0,"comment_status":"closed","ping_status":"closed","template":"","meta":{"footnotes":""},"class_list":["post-518","page","type-page","status-publish","hentry"],"_links":{"self":[{"href":"https:\/\/nangina-test.klabusnik.de\/index.php\/wp-json\/wp\/v2\/pages\/518","targetHints":{"allow":["GET"]}}],"collection":[{"href":"https:\/\/nangina-test.klabusnik.de\/index.php\/wp-json\/wp\/v2\/pages"}],"about":[{"href":"https:\/\/nangina-test.klabusnik.de\/index.php\/wp-json\/wp\/v2\/types\/page"}],"author":[{"embeddable":true,"href":"https:\/\/nangina-test.klabusnik.de\/index.php\/wp-json\/wp\/v2\/users\/2"}],"replies":[{"embeddable":true,"href":"https:\/\/nangina-test.klabusnik.de\/index.php\/wp-json\/wp\/v2\/comments?post=518"}],"version-history":[{"count":17,"href":"https:\/\/nangina-test.klabusnik.de\/index.php\/wp-json\/wp\/v2\/pages\/518\/revisions"}],"predecessor-version":[{"id":953,"href":"https:\/\/nangina-test.klabusnik.de\/index.php\/wp-json\/wp\/v2\/pages\/518\/revisions\/953"}],"up":[{"embeddable":true,"href":"https:\/\/nangina-test.klabusnik.de\/index.php\/wp-json\/wp\/v2\/pages\/512"}],"wp:attachment":[{"href":"https:\/\/nangina-test.klabusnik.de\/index.php\/wp-json\/wp\/v2\/media?parent=518"}],"curies":[{"name":"wp","href":"https:\/\/api.w.org\/{rel}","templated":true}]}}