{"id":587,"date":"2017-10-24T13:31:39","date_gmt":"2017-10-24T13:31:39","guid":{"rendered":"https:\/\/nangina.de\/?page_id=587"},"modified":"2022-08-20T20:24:49","modified_gmt":"2022-08-20T20:24:49","slug":"aktuelles","status":"publish","type":"page","link":"https:\/\/nangina-test.klabusnik.de\/index.php\/aktuelles\/","title":{"rendered":"Aktuelles"},"content":{"rendered":"\n<figure class=\"wp-block-embed is-type-wp-embed is-provider-nangina-testseite wp-block-embed-nangina-testseite\"><div class=\"wp-block-embed__wrapper\">\n<blockquote class=\"wp-embedded-content\" data-secret=\"A8BPUvmz5V\"><a href=\"https:\/\/nangina-test.klabusnik.de\/index.php\/2022\/06\/28\/blablubb-in-kenia\/\">Blablubb in Kenia<\/a><\/blockquote><iframe loading=\"lazy\" class=\"wp-embedded-content\" sandbox=\"allow-scripts\" security=\"restricted\" style=\"position: absolute; clip: rect(1px, 1px, 1px, 1px);\" title=\"&#8222;Blablubb in Kenia&#8220; &#8212; Nangina Testseite\" src=\"https:\/\/nangina-test.klabusnik.de\/index.php\/2022\/06\/28\/blablubb-in-kenia\/embed\/#?secret=aa43RjjYXv#?secret=A8BPUvmz5V\" data-secret=\"A8BPUvmz5V\" width=\"600\" height=\"338\" frameborder=\"0\" marginwidth=\"0\" marginheight=\"0\" scrolling=\"no\"><\/iframe>\n<\/div><\/figure>\n\n\n\n<figure class=\"wp-block-embed is-type-wp-embed is-provider-nangina-testseite wp-block-embed-nangina-testseite\"><div class=\"wp-block-embed__wrapper\">\n<blockquote class=\"wp-embedded-content\" data-secret=\"AxvZ11xDJt\"><a href=\"https:\/\/nangina-test.klabusnik.de\/index.php\/2019\/07\/27\/ein-erster-besuch-in-tororo-agorom\/\">Ein erster Besuch in Tororo-Agorom<\/a><\/blockquote><iframe loading=\"lazy\" class=\"wp-embedded-content\" sandbox=\"allow-scripts\" security=\"restricted\" style=\"position: absolute; clip: rect(1px, 1px, 1px, 1px);\" title=\"&#8222;Ein erster Besuch in Tororo-Agorom&#8220; &#8212; Nangina Testseite\" src=\"https:\/\/nangina-test.klabusnik.de\/index.php\/2019\/07\/27\/ein-erster-besuch-in-tororo-agorom\/embed\/#?secret=DTFGOtCt0P#?secret=AxvZ11xDJt\" data-secret=\"AxvZ11xDJt\" width=\"600\" height=\"338\" frameborder=\"0\" marginwidth=\"0\" marginheight=\"0\" scrolling=\"no\"><\/iframe>\n<\/div><\/figure>\n\n\n\n<figure class=\"wp-block-embed is-type-wp-embed is-provider-nangina-e-v wp-block-embed-nangina-e-v\"><div class=\"wp-block-embed__wrapper\">\n<blockquote class=\"wp-embedded-content\" data-secret=\"INRRl78LqF\"><a href=\"https:\/\/nangina.de\/index.php\/2019\/09\/21\/kenia-meets-oktoberfest\/\">Kenia meets Oktoberfest<\/a><\/blockquote><iframe loading=\"lazy\" class=\"wp-embedded-content\" sandbox=\"allow-scripts\" security=\"restricted\" style=\"position: absolute; clip: rect(1px, 1px, 1px, 1px);\" title=\"&#8222;Kenia meets Oktoberfest&#8220; &#8212; Nangina e.V.\" src=\"https:\/\/nangina.de\/index.php\/2019\/09\/21\/kenia-meets-oktoberfest\/embed\/#?secret=Zmtebjy1do#?secret=INRRl78LqF\" data-secret=\"INRRl78LqF\" width=\"600\" height=\"338\" frameborder=\"0\" marginwidth=\"0\" marginheight=\"0\" scrolling=\"no\"><\/iframe>\n<\/div><\/figure>\n\n\n\n<figure class=\"wp-block-embed is-type-wp-embed is-provider-nangina-e-v wp-block-embed-nangina-e-v\"><div class=\"wp-block-embed__wrapper\">\n<blockquote class=\"wp-embedded-content\" data-secret=\"AnwIrY7xkk\"><a href=\"https:\/\/nangina.de\/index.php\/2019\/07\/27\/ein-erster-besuch-in-tororo-agorom\/\">Ein erster Besuch in Tororo-Agorom<\/a><\/blockquote><iframe loading=\"lazy\" class=\"wp-embedded-content\" sandbox=\"allow-scripts\" security=\"restricted\" style=\"position: absolute; clip: rect(1px, 1px, 1px, 1px);\" title=\"&#8222;Ein erster Besuch in Tororo-Agorom&#8220; &#8212; Nangina e.V.\" src=\"https:\/\/nangina.de\/index.php\/2019\/07\/27\/ein-erster-besuch-in-tororo-agorom\/embed\/#?secret=WFzWlB5KYw#?secret=AnwIrY7xkk\" data-secret=\"AnwIrY7xkk\" width=\"600\" height=\"338\" frameborder=\"0\" marginwidth=\"0\" marginheight=\"0\" scrolling=\"no\"><\/iframe>\n<\/div><\/figure>\n\n\n\n<figure class=\"wp-block-embed is-type-wp-embed is-provider-nangina-e-v wp-block-embed-nangina-e-v\"><div class=\"wp-block-embed__wrapper\">\n<blockquote class=\"wp-embedded-content\" data-secret=\"plFqqugGYX\"><a href=\"https:\/\/nangina.de\/index.php\/2019\/07\/31\/pamela-frueher-gesponsert-heute-lehrerin\/\">Pamela &#8211; als Sch\u00fclerin gesponsert, heute selbst Lehrerin<\/a><\/blockquote><iframe loading=\"lazy\" class=\"wp-embedded-content\" sandbox=\"allow-scripts\" security=\"restricted\" style=\"position: absolute; clip: rect(1px, 1px, 1px, 1px);\" title=\"&#8222;Pamela &#8211; als Sch\u00fclerin gesponsert, heute selbst Lehrerin&#8220; &#8212; Nangina e.V.\" src=\"https:\/\/nangina.de\/index.php\/2019\/07\/31\/pamela-frueher-gesponsert-heute-lehrerin\/embed\/#?secret=SuFAydyHJz#?secret=plFqqugGYX\" data-secret=\"plFqqugGYX\" width=\"600\" height=\"338\" frameborder=\"0\" marginwidth=\"0\" marginheight=\"0\" scrolling=\"no\"><\/iframe>\n<\/div><\/figure>\n\n\n\n<figure class=\"wp-block-embed is-type-wp-embed is-provider-nangina-e-v wp-block-embed-nangina-e-v\"><div class=\"wp-block-embed__wrapper\">\n<blockquote class=\"wp-embedded-content\" data-secret=\"X1Fu6QL6cq\"><a href=\"https:\/\/nangina.de\/index.php\/2019\/07\/23\/eindruecke-aus-kibuk-im-jahr-2019\/\">Eindr\u00fccke aus Kibuk im Jahr 2019<\/a><\/blockquote><iframe loading=\"lazy\" class=\"wp-embedded-content\" sandbox=\"allow-scripts\" security=\"restricted\" style=\"position: absolute; clip: rect(1px, 1px, 1px, 1px);\" title=\"&#8222;Eindr\u00fccke aus Kibuk im Jahr 2019&#8220; &#8212; Nangina e.V.\" src=\"https:\/\/nangina.de\/index.php\/2019\/07\/23\/eindruecke-aus-kibuk-im-jahr-2019\/embed\/#?secret=J8nyDwJyO5#?secret=X1Fu6QL6cq\" data-secret=\"X1Fu6QL6cq\" width=\"600\" height=\"338\" frameborder=\"0\" marginwidth=\"0\" marginheight=\"0\" scrolling=\"no\"><\/iframe>\n<\/div><\/figure>\n\n\n\n<figure class=\"wp-block-embed is-type-wp-embed is-provider-nangina-e-v wp-block-embed-nangina-e-v\"><div class=\"wp-block-embed__wrapper\">\n<blockquote class=\"wp-embedded-content\" data-secret=\"WZREU6xTiC\"><a href=\"https:\/\/nangina.de\/index.php\/2019\/07\/22\/gruppe-nangina-am-strand-in-neuharlingersiel\/\">Gruppe Nangina am Strand in Neuharlingersiel<\/a><\/blockquote><iframe loading=\"lazy\" class=\"wp-embedded-content\" sandbox=\"allow-scripts\" security=\"restricted\" style=\"position: absolute; clip: rect(1px, 1px, 1px, 1px);\" title=\"&#8222;Gruppe Nangina am Strand in Neuharlingersiel&#8220; &#8212; Nangina e.V.\" src=\"https:\/\/nangina.de\/index.php\/2019\/07\/22\/gruppe-nangina-am-strand-in-neuharlingersiel\/embed\/#?secret=JW7BnFmasH#?secret=WZREU6xTiC\" data-secret=\"WZREU6xTiC\" width=\"600\" height=\"338\" frameborder=\"0\" marginwidth=\"0\" marginheight=\"0\" scrolling=\"no\"><\/iframe>\n<\/div><\/figure>\n\n\n\n<h3 class=\"wp-block-heading\"><a href=\"https:\/\/nangina.de\/wp-content\/uploads\/2017\/01\/St.-Martin-Entwicklungen.pdf\">Entwicklungen in der Grundschule <\/a><\/h3>\n\n\n\n<h3 class=\"wp-block-heading\"><a href=\"https:\/\/nangina.de\/wp-content\/uploads\/2017\/01\/St.-Martin-Entwicklungen.pdf\">St. Martin in Nairobi<\/a><\/h3>\n\n\n\n<figure class=\"wp-block-embed is-type-wp-embed is-provider-nangina-e-v wp-block-embed-nangina-e-v\"><div class=\"wp-block-embed__wrapper\">\n<blockquote class=\"wp-embedded-content\" data-secret=\"niRzM50QNr\"><a href=\"https:\/\/nangina.de\/index.php\/2019\/07\/20\/grosse-fortschritte-in-der-watoto-wetu-schule\/\">Gro\u00dfe Fortschritte in der Watoto Wetu Schule<\/a><\/blockquote><iframe loading=\"lazy\" class=\"wp-embedded-content\" sandbox=\"allow-scripts\" security=\"restricted\" style=\"position: absolute; clip: rect(1px, 1px, 1px, 1px);\" title=\"&#8222;Gro\u00dfe Fortschritte in der Watoto Wetu Schule&#8220; &#8212; Nangina e.V.\" src=\"https:\/\/nangina.de\/index.php\/2019\/07\/20\/grosse-fortschritte-in-der-watoto-wetu-schule\/embed\/#?secret=ASn41vitv5#?secret=niRzM50QNr\" data-secret=\"niRzM50QNr\" width=\"600\" height=\"338\" frameborder=\"0\" marginwidth=\"0\" marginheight=\"0\" scrolling=\"no\"><\/iframe>\n<\/div><\/figure>\n\n\n\n<figure class=\"wp-block-embed is-type-wp-embed is-provider-nangina-e-v wp-block-embed-nangina-e-v\"><div class=\"wp-block-embed__wrapper\">\n<blockquote class=\"wp-embedded-content\" data-secret=\"YJ9H8kCsrZ\"><a href=\"https:\/\/nangina.de\/index.php\/2019\/07\/16\/daniel-comboni-polytechnic-school\/\">Schulgeb\u00fchren f\u00fcr die Berufsausbildung rehabilitierter Stra\u00dfenkinder in Nairobi, Kenia<\/a><\/blockquote><iframe loading=\"lazy\" class=\"wp-embedded-content\" sandbox=\"allow-scripts\" security=\"restricted\" style=\"position: absolute; clip: rect(1px, 1px, 1px, 1px);\" title=\"&#8222;Schulgeb\u00fchren f\u00fcr die Berufsausbildung rehabilitierter Stra\u00dfenkinder in Nairobi, Kenia&#8220; &#8212; Nangina e.V.\" src=\"https:\/\/nangina.de\/index.php\/2019\/07\/16\/daniel-comboni-polytechnic-school\/embed\/#?secret=4fMPJPoySK#?secret=YJ9H8kCsrZ\" data-secret=\"YJ9H8kCsrZ\" width=\"600\" height=\"338\" frameborder=\"0\" marginwidth=\"0\" marginheight=\"0\" scrolling=\"no\"><\/iframe>\n<\/div><\/figure>\n\n\n\n<figure class=\"wp-block-embed is-type-wp-embed is-provider-nangina-e-v wp-block-embed-nangina-e-v\"><div class=\"wp-block-embed__wrapper\">\n<blockquote class=\"wp-embedded-content\" data-secret=\"S8DKEBpnvT\"><a href=\"https:\/\/nangina.de\/index.php\/2019\/07\/16\/therapie-fuer-behinderte-kinder-in-den-slums\/\">Therapie f\u00fcr behinderte Kinder in den Slums<\/a><\/blockquote><iframe loading=\"lazy\" class=\"wp-embedded-content\" sandbox=\"allow-scripts\" security=\"restricted\" style=\"position: absolute; clip: rect(1px, 1px, 1px, 1px);\" title=\"&#8222;Therapie f\u00fcr behinderte Kinder in den Slums&#8220; &#8212; Nangina e.V.\" src=\"https:\/\/nangina.de\/index.php\/2019\/07\/16\/therapie-fuer-behinderte-kinder-in-den-slums\/embed\/#?secret=AAxtS04Nmd#?secret=S8DKEBpnvT\" data-secret=\"S8DKEBpnvT\" width=\"600\" height=\"338\" frameborder=\"0\" marginwidth=\"0\" marginheight=\"0\" scrolling=\"no\"><\/iframe>\n<\/div><\/figure>\n\n\n\n<figure class=\"wp-block-embed is-type-wp-embed is-provider-nangina-e-v wp-block-embed-nangina-e-v\"><div class=\"wp-block-embed__wrapper\">\n<blockquote class=\"wp-embedded-content\" data-secret=\"HTsdk5sxgR\"><a href=\"https:\/\/nangina.de\/index.php\/2019\/07\/15\/hoffnung-fuer-familien-in-den-slums\/\">Hoffnung f\u00fcr Familien in den Slums<\/a><\/blockquote><iframe loading=\"lazy\" class=\"wp-embedded-content\" sandbox=\"allow-scripts\" security=\"restricted\" style=\"position: absolute; clip: rect(1px, 1px, 1px, 1px);\" title=\"&#8222;Hoffnung f\u00fcr Familien in den Slums&#8220; &#8212; Nangina e.V.\" src=\"https:\/\/nangina.de\/index.php\/2019\/07\/15\/hoffnung-fuer-familien-in-den-slums\/embed\/#?secret=WSFhs0MOPR#?secret=HTsdk5sxgR\" data-secret=\"HTsdk5sxgR\" width=\"600\" height=\"338\" frameborder=\"0\" marginwidth=\"0\" marginheight=\"0\" scrolling=\"no\"><\/iframe>\n<\/div><\/figure>\n\n\n\n<figure class=\"wp-block-embed is-type-wp-embed is-provider-nangina-e-v wp-block-embed-nangina-e-v\"><div class=\"wp-block-embed__wrapper\">\n<blockquote class=\"wp-embedded-content\" data-secret=\"e757bBXN8i\"><a href=\"https:\/\/nangina.de\/index.php\/2019\/07\/14\/spenden-durch-urlaub\/\">Spenden sammeln im Urlaub<\/a><\/blockquote><iframe loading=\"lazy\" class=\"wp-embedded-content\" sandbox=\"allow-scripts\" security=\"restricted\" style=\"position: absolute; clip: rect(1px, 1px, 1px, 1px);\" title=\"&#8222;Spenden sammeln im Urlaub&#8220; &#8212; Nangina e.V.\" src=\"https:\/\/nangina.de\/index.php\/2019\/07\/14\/spenden-durch-urlaub\/embed\/#?secret=a0H9fFn3Bz#?secret=e757bBXN8i\" data-secret=\"e757bBXN8i\" width=\"600\" height=\"338\" frameborder=\"0\" marginwidth=\"0\" marginheight=\"0\" scrolling=\"no\"><\/iframe>\n<\/div><\/figure>\n\n\n\n<figure class=\"wp-block-embed\"><div class=\"wp-block-embed__wrapper\">\nhttps:\/\/nangina.de\/index.php\/2019\/07\/13\/ich-bin-gut-angekommen-%f0%9f%98%8a\/\n<\/div><\/figure>\n\n\n\n<figure class=\"wp-block-embed is-type-wp-embed is-provider-nangina-e-v wp-block-embed-nangina-e-v\"><div class=\"wp-block-embed__wrapper\">\n<blockquote class=\"wp-embedded-content\" data-secret=\"DhVe4qUTFV\"><a href=\"https:\/\/nangina.de\/index.php\/2019\/07\/11\/beschuetzende-werkstatt-in-honduras-eingeweiht\/\">Besch\u00fctzende Werkstatt in Honduras eingeweiht<\/a><\/blockquote><iframe loading=\"lazy\" class=\"wp-embedded-content\" sandbox=\"allow-scripts\" security=\"restricted\" style=\"position: absolute; clip: rect(1px, 1px, 1px, 1px);\" title=\"&#8222;Besch\u00fctzende Werkstatt in Honduras eingeweiht&#8220; &#8212; Nangina e.V.\" src=\"https:\/\/nangina.de\/index.php\/2019\/07\/11\/beschuetzende-werkstatt-in-honduras-eingeweiht\/embed\/#?secret=xw3pZRZbDy#?secret=DhVe4qUTFV\" data-secret=\"DhVe4qUTFV\" width=\"600\" height=\"338\" frameborder=\"0\" marginwidth=\"0\" marginheight=\"0\" scrolling=\"no\"><\/iframe>\n<\/div><\/figure>\n\n\n\n<figure class=\"wp-block-embed is-type-wp-embed is-provider-nangina-e-v wp-block-embed-nangina-e-v\"><div class=\"wp-block-embed__wrapper\">\n<blockquote class=\"wp-embedded-content\" data-secret=\"NkHPJUvUL5\"><a href=\"https:\/\/nangina.de\/index.php\/2019\/07\/11\/zu-besuch-in-kenia\/\">Zu Besuch in Kenia<\/a><\/blockquote><iframe loading=\"lazy\" class=\"wp-embedded-content\" sandbox=\"allow-scripts\" security=\"restricted\" style=\"position: absolute; clip: rect(1px, 1px, 1px, 1px);\" title=\"&#8222;Zu Besuch in Kenia&#8220; &#8212; Nangina e.V.\" src=\"https:\/\/nangina.de\/index.php\/2019\/07\/11\/zu-besuch-in-kenia\/embed\/#?secret=6KN1xEDTVF#?secret=NkHPJUvUL5\" data-secret=\"NkHPJUvUL5\" width=\"600\" height=\"338\" frameborder=\"0\" marginwidth=\"0\" marginheight=\"0\" scrolling=\"no\"><\/iframe>\n<\/div><\/figure>\n\n\n\n<figure class=\"wp-block-embed is-type-wp-embed is-provider-nangina-e-v wp-block-embed-nangina-e-v\"><div class=\"wp-block-embed__wrapper\">\n<blockquote class=\"wp-embedded-content\" data-secret=\"f8D1jNjBLW\"><a href=\"https:\/\/nangina.de\/index.php\/2019\/07\/12\/auf-nach-afrika\/\">Auf nach Afrika!<\/a><\/blockquote><iframe loading=\"lazy\" class=\"wp-embedded-content\" sandbox=\"allow-scripts\" security=\"restricted\" style=\"position: absolute; clip: rect(1px, 1px, 1px, 1px);\" title=\"&#8222;Auf nach Afrika!&#8220; &#8212; Nangina e.V.\" src=\"https:\/\/nangina.de\/index.php\/2019\/07\/12\/auf-nach-afrika\/embed\/#?secret=CXvnIV5XNo#?secret=f8D1jNjBLW\" data-secret=\"f8D1jNjBLW\" width=\"600\" height=\"338\" frameborder=\"0\" marginwidth=\"0\" marginheight=\"0\" scrolling=\"no\"><\/iframe>\n<\/div><\/figure>\n\n\n\n<figure class=\"wp-block-embed is-type-wp-embed is-provider-nangina-e-v wp-block-embed-nangina-e-v\"><div class=\"wp-block-embed__wrapper\">\n<blockquote class=\"wp-embedded-content\" data-secret=\"bdz4Xi4SGs\"><a href=\"https:\/\/nangina.de\/index.php\/2019\/04\/17\/hilfe-zur-selbsthilfe-in-uganda\/\">Hilfe zur Selbsthilfe in Uganda!<\/a><\/blockquote><iframe loading=\"lazy\" class=\"wp-embedded-content\" sandbox=\"allow-scripts\" security=\"restricted\" style=\"position: absolute; clip: rect(1px, 1px, 1px, 1px);\" title=\"&#8222;Hilfe zur Selbsthilfe in Uganda!&#8220; &#8212; Nangina e.V.\" src=\"https:\/\/nangina.de\/index.php\/2019\/04\/17\/hilfe-zur-selbsthilfe-in-uganda\/embed\/#?secret=DuMqkY4bWP#?secret=bdz4Xi4SGs\" data-secret=\"bdz4Xi4SGs\" width=\"600\" height=\"338\" frameborder=\"0\" marginwidth=\"0\" marginheight=\"0\" scrolling=\"no\"><\/iframe>\n<\/div><\/figure>\n\n\n\n<p><a class=\"components-external-link edit-post-post-link__link\" href=\"https:\/\/nangina.de\/?p=906\" target=\"_blank\" rel=\"external noreferrer noopener\"><span class=\"screen-reader-text\">(\u00f6ffnet in neuem Tab<\/span><\/a><\/p>\n\n\n\n<figure class=\"wp-block-embed is-type-wp-embed is-provider-nangina-e-v wp-block-embed-nangina-e-v\"><div class=\"wp-block-embed__wrapper\">\n<blockquote class=\"wp-embedded-content\" data-secret=\"uwvfnYErpg\"><a href=\"https:\/\/nangina.de\/index.php\/2017\/01\/05\/tororo\/\">Brunnenbau in Tororo, Uganda<\/a><\/blockquote><iframe loading=\"lazy\" class=\"wp-embedded-content\" sandbox=\"allow-scripts\" security=\"restricted\" style=\"position: absolute; clip: rect(1px, 1px, 1px, 1px);\" title=\"&#8222;Brunnenbau in Tororo, Uganda&#8220; &#8212; Nangina e.V.\" src=\"https:\/\/nangina.de\/index.php\/2017\/01\/05\/tororo\/embed\/#?secret=WRWgiFsd1Y#?secret=uwvfnYErpg\" data-secret=\"uwvfnYErpg\" width=\"600\" height=\"338\" frameborder=\"0\" marginwidth=\"0\" marginheight=\"0\" scrolling=\"no\"><\/iframe>\n<\/div><\/figure>\n\n\n\n<figure class=\"wp-block-embed is-type-wp-embed is-provider-nangina-e-v wp-block-embed-nangina-e-v\"><div class=\"wp-block-embed__wrapper\">\n<blockquote class=\"wp-embedded-content\" data-secret=\"aZ33BF2YR9\"><a href=\"https:\/\/nangina.de\/index.php\/2018\/09\/21\/zeitungsbericht-zum-jubilaeum\/\">Zeitungsbericht zum Jubil\u00e4um<\/a><\/blockquote><iframe loading=\"lazy\" class=\"wp-embedded-content\" sandbox=\"allow-scripts\" security=\"restricted\" style=\"position: absolute; clip: rect(1px, 1px, 1px, 1px);\" title=\"&#8222;Zeitungsbericht zum Jubil\u00e4um&#8220; &#8212; Nangina e.V.\" src=\"https:\/\/nangina.de\/index.php\/2018\/09\/21\/zeitungsbericht-zum-jubilaeum\/embed\/#?secret=3ZD2Uox7xX#?secret=aZ33BF2YR9\" data-secret=\"aZ33BF2YR9\" width=\"600\" height=\"338\" frameborder=\"0\" marginwidth=\"0\" marginheight=\"0\" scrolling=\"no\"><\/iframe>\n<\/div><\/figure>\n\n\n\n<figure class=\"wp-block-embed is-type-wp-embed is-provider-nangina-e-v wp-block-embed-nangina-e-v\"><div class=\"wp-block-embed__wrapper\">\n<blockquote class=\"wp-embedded-content\" data-secret=\"7YYtrPCkAF\"><a href=\"https:\/\/nangina.de\/index.php\/2018\/09\/21\/30-jaehriges-jubilaeum-des-nangina-e-v\/\">30 j\u00e4hriges Jubil\u00e4um des Nangina e.V.<\/a><\/blockquote><iframe loading=\"lazy\" class=\"wp-embedded-content\" sandbox=\"allow-scripts\" security=\"restricted\" style=\"position: absolute; clip: rect(1px, 1px, 1px, 1px);\" title=\"&#8222;30 j\u00e4hriges Jubil\u00e4um des Nangina e.V.&#8220; &#8212; Nangina e.V.\" src=\"https:\/\/nangina.de\/index.php\/2018\/09\/21\/30-jaehriges-jubilaeum-des-nangina-e-v\/embed\/#?secret=PdrESA26Kc#?secret=7YYtrPCkAF\" data-secret=\"7YYtrPCkAF\" width=\"600\" height=\"338\" frameborder=\"0\" marginwidth=\"0\" marginheight=\"0\" scrolling=\"no\"><\/iframe>\n<\/div><\/figure>\n\n\n\n<p>Ab dem 28.07. sind junge Erwachsene unseres Vereins in Afrika unterwegs und berichten in einem Reisetagebuch live von unseren Projekten in Kenia und Uganda!<\/p>\n\n\n\n<p><a href=\"https:\/\/nangina.de\/index.php\/category\/jugend\/afrikareise-2018\/\">Hier gehts zum Reisetagebuch<\/a><\/p>\n\n\n\n<p>Die neusten Nachrichten zu Nangina gibt es derzeit auf unserer Facebook-Seite.<\/p>\n\n\n\n<p><a href=\"https:\/\/facebook.com\/nangina.de\" target=\"_blank\" rel=\"noopener noreferrer\">Zu Facebook<\/a><\/p>\n\n\n\n<p><\/p>\n\n\n\n<p><\/p>\n","protected":false},"excerpt":{"rendered":"<p>Entwicklungen in der Grundschule St. Martin in Nairobi (\u00f6ffnet in neuem Tab Ab dem 28.07. sind junge Erwachsene unseres Vereins in Afrika unterwegs und berichten in einem Reisetagebuch live von &#8230;<\/p>\n","protected":false},"author":1,"featured_media":0,"parent":0,"menu_order":0,"comment_status":"closed","ping_status":"closed","template":"","meta":{"footnotes":""},"class_list":["post-587","page","type-page","status-publish","hentry"],"_links":{"self":[{"href":"https:\/\/nangina-test.klabusnik.de\/index.php\/wp-json\/wp\/v2\/pages\/587","targetHints":{"allow":["GET"]}}],"collection":[{"href":"https:\/\/nangina-test.klabusnik.de\/index.php\/wp-json\/wp\/v2\/pages"}],"about":[{"href":"https:\/\/nangina-test.klabusnik.de\/index.php\/wp-json\/wp\/v2\/types\/page"}],"author":[{"embeddable":true,"href":"https:\/\/nangina-test.klabusnik.de\/index.php\/wp-json\/wp\/v2\/users\/1"}],"replies":[{"embeddable":true,"href":"https:\/\/nangina-test.klabusnik.de\/index.php\/wp-json\/wp\/v2\/comments?post=587"}],"version-history":[{"count":45,"href":"https:\/\/nangina-test.klabusnik.de\/index.php\/wp-json\/wp\/v2\/pages\/587\/revisions"}],"predecessor-version":[{"id":1396,"href":"https:\/\/nangina-test.klabusnik.de\/index.php\/wp-json\/wp\/v2\/pages\/587\/revisions\/1396"}],"wp:attachment":[{"href":"https:\/\/nangina-test.klabusnik.de\/index.php\/wp-json\/wp\/v2\/media?parent=587"}],"curies":[{"name":"wp","href":"https:\/\/api.w.org\/{rel}","templated":true}]}}